{"id":20175,"date":"2022-12-19T14:25:27","date_gmt":"2022-12-19T07:25:27","guid":{"rendered":"https:\/\/www.oucru.vn\/ctu\/"},"modified":"2023-12-29T11:10:15","modified_gmt":"2023-12-29T04:10:15","slug":"ctu","status":"publish","type":"page","link":"https:\/\/www.oucru.org\/vi\/ctu\/","title":{"rendered":"Nghi\u00ean c\u1ee9u l\u00e2m s\u00e0ng"},"content":{"rendered":"","protected":false},"excerpt":{"rendered":"","protected":false},"author":1,"featured_media":0,"parent":0,"menu_order":0,"comment_status":"closed","ping_status":"closed","template":"","meta":{"_acf_changed":false,"footnotes":"","_links_to":"","_links_to_target":"","_wp_rev_ctl_limit":""},"class_list":["post-20175","page","type-page","status-publish","hentry"],"acf":[],"yoast_head":"<!-- This site is optimized with the Yoast SEO plugin v25.3.1 - https:\/\/yoast.com\/wordpress\/plugins\/seo\/ -->\n<title>Nghi\u00ean c\u1ee9u l\u00e2m s\u00e0ng - OUCRU<\/title>\n<meta name=\"description\" content=\"\u0110\u01a1n v\u1ecb Th\u1eed nghi\u1ec7m L\u00e2m s\u00e0ng ch\u1ecbu tr\u00e1ch nhi\u1ec7m qu\u1ea3n l\u00fd v\u00e0 v\u1eadn h\u00e0nh t\u1ea5t c\u1ea3 c\u00e1c th\u1eed nghi\u1ec7m l\u00e2m s\u00e0ng c\u1ee7a OUCRU \u0111\u1ec3 cung c\u1ea5p nghi\u00ean c\u1ee9u l\u00e2m s\u00e0ng ch\u1ea5t l\u01b0\u1ee3ng cao.\" \/>\n<meta name=\"robots\" content=\"index, follow, max-snippet:-1, max-image-preview:large, max-video-preview:-1\" \/>\n<link rel=\"canonical\" href=\"https:\/\/www.oucru.org\/vi\/ctu\/\" \/>\n<meta property=\"og:locale\" content=\"vi_VN\" \/>\n<meta property=\"og:type\" content=\"article\" \/>\n<meta property=\"og:title\" content=\"Nghi\u00ean c\u1ee9u l\u00e2m s\u00e0ng - OUCRU\" \/>\n<meta property=\"og:description\" content=\"\u0110\u01a1n v\u1ecb Th\u1eed nghi\u1ec7m L\u00e2m s\u00e0ng ch\u1ecbu tr\u00e1ch nhi\u1ec7m qu\u1ea3n l\u00fd v\u00e0 v\u1eadn h\u00e0nh t\u1ea5t c\u1ea3 c\u00e1c th\u1eed nghi\u1ec7m l\u00e2m s\u00e0ng c\u1ee7a OUCRU \u0111\u1ec3 cung c\u1ea5p nghi\u00ean c\u1ee9u l\u00e2m s\u00e0ng ch\u1ea5t l\u01b0\u1ee3ng cao.\" \/>\n<meta property=\"og:url\" content=\"https:\/\/www.oucru.org\/vi\/ctu\/\" \/>\n<meta property=\"og:site_name\" content=\"OUCRU\" \/>\n<meta property=\"article:publisher\" content=\"https:\/\/www.facebook.com\/OUCRUVN\/\" \/>\n<meta property=\"article:modified_time\" content=\"2023-12-29T04:10:15+00:00\" \/>\n<meta property=\"og:image\" content=\"https:\/\/www.oucru.org\/wp-content\/uploads\/2022\/11\/img-fallback.jpg\" \/>\n\t<meta property=\"og:image:width\" content=\"600\" \/>\n\t<meta property=\"og:image:height\" content=\"600\" \/>\n\t<meta property=\"og:image:type\" content=\"image\/jpeg\" \/>\n<meta name=\"twitter:card\" content=\"summary_large_image\" \/>\n<meta name=\"twitter:site\" content=\"@OUCRU_Programme\" \/>\n<script type=\"application\/ld+json\" class=\"yoast-schema-graph\">{\"@context\":\"https:\/\/schema.org\",\"@graph\":[{\"@type\":\"WebPage\",\"@id\":\"https:\/\/www.oucru.org\/vi\/ctu\/\",\"url\":\"https:\/\/www.oucru.org\/vi\/ctu\/\",\"name\":\"Nghi\u00ean c\u1ee9u l\u00e2m s\u00e0ng - OUCRU\",\"isPartOf\":{\"@id\":\"https:\/\/www.oucru.org\/vi\/#website\"},\"datePublished\":\"2022-12-19T07:25:27+00:00\",\"dateModified\":\"2023-12-29T04:10:15+00:00\",\"description\":\"\u0110\u01a1n v\u1ecb Th\u1eed nghi\u1ec7m L\u00e2m s\u00e0ng ch\u1ecbu tr\u00e1ch nhi\u1ec7m qu\u1ea3n l\u00fd v\u00e0 v\u1eadn h\u00e0nh t\u1ea5t c\u1ea3 c\u00e1c th\u1eed nghi\u1ec7m l\u00e2m s\u00e0ng c\u1ee7a OUCRU \u0111\u1ec3 cung c\u1ea5p nghi\u00ean c\u1ee9u l\u00e2m s\u00e0ng ch\u1ea5t l\u01b0\u1ee3ng cao.\",\"breadcrumb\":{\"@id\":\"https:\/\/www.oucru.org\/vi\/ctu\/#breadcrumb\"},\"inLanguage\":\"vi-VN\",\"potentialAction\":[{\"@type\":\"ReadAction\",\"target\":[\"https:\/\/www.oucru.org\/vi\/ctu\/\"]}]},{\"@type\":\"BreadcrumbList\",\"@id\":\"https:\/\/www.oucru.org\/vi\/ctu\/#breadcrumb\",\"itemListElement\":[{\"@type\":\"ListItem\",\"position\":1,\"name\":\"Home\",\"item\":\"https:\/\/www.oucru.org\/vi\/\"},{\"@type\":\"ListItem\",\"position\":2,\"name\":\"Nghi\u00ean c\u1ee9u l\u00e2m s\u00e0ng\"}]},{\"@type\":\"WebSite\",\"@id\":\"https:\/\/www.oucru.org\/vi\/#website\",\"url\":\"https:\/\/www.oucru.org\/vi\/\",\"name\":\"OUCRU\",\"description\":\"The Oxford University Clinical Research Unit (OUCRU) is a large-scale clinical and public health research unit with site offices in Viet Nam, Indonesia, and Nepal.\",\"publisher\":{\"@id\":\"https:\/\/www.oucru.org\/vi\/#organization\"},\"alternateName\":\"Oxford University Clinical Research Unit (OUCRU)\",\"potentialAction\":[{\"@type\":\"SearchAction\",\"target\":{\"@type\":\"EntryPoint\",\"urlTemplate\":\"https:\/\/www.oucru.org\/vi\/?s={search_term_string}\"},\"query-input\":{\"@type\":\"PropertyValueSpecification\",\"valueRequired\":true,\"valueName\":\"search_term_string\"}}],\"inLanguage\":\"vi-VN\"},{\"@type\":\"Organization\",\"@id\":\"https:\/\/www.oucru.org\/vi\/#organization\",\"name\":\"Oxford University Clinical Research Unit.\",\"alternateName\":\"OUCRU\",\"url\":\"https:\/\/www.oucru.org\/vi\/\",\"logo\":{\"@type\":\"ImageObject\",\"inLanguage\":\"vi-VN\",\"@id\":\"https:\/\/www.oucru.org\/vi\/#\/schema\/logo\/image\/\",\"url\":\"https:\/\/www.oucru.org\/wp-content\/uploads\/2023\/02\/cropped-cropped-oucru-logo.png\",\"contentUrl\":\"https:\/\/www.oucru.org\/wp-content\/uploads\/2023\/02\/cropped-cropped-oucru-logo.png\",\"width\":512,\"height\":333,\"caption\":\"Oxford University Clinical Research Unit.\"},\"image\":{\"@id\":\"https:\/\/www.oucru.org\/vi\/#\/schema\/logo\/image\/\"},\"sameAs\":[\"https:\/\/www.facebook.com\/OUCRUVN\/\",\"https:\/\/x.com\/OUCRU_Programme\",\"https:\/\/www.linkedin.com\/company\/oucru\/\",\"https:\/\/www.youtube.com\/@oxforduniversityclinicalre6618\"]}]}<\/script>\n<!-- \/ Yoast SEO plugin. -->","yoast_head_json":{"title":"Nghi\u00ean c\u1ee9u l\u00e2m s\u00e0ng - OUCRU","description":"\u0110\u01a1n v\u1ecb Th\u1eed nghi\u1ec7m L\u00e2m s\u00e0ng ch\u1ecbu tr\u00e1ch nhi\u1ec7m qu\u1ea3n l\u00fd v\u00e0 v\u1eadn h\u00e0nh t\u1ea5t c\u1ea3 c\u00e1c th\u1eed nghi\u1ec7m l\u00e2m s\u00e0ng c\u1ee7a OUCRU \u0111\u1ec3 cung c\u1ea5p nghi\u00ean c\u1ee9u l\u00e2m s\u00e0ng ch\u1ea5t l\u01b0\u1ee3ng cao.","robots":{"index":"index","follow":"follow","max-snippet":"max-snippet:-1","max-image-preview":"max-image-preview:large","max-video-preview":"max-video-preview:-1"},"canonical":"https:\/\/www.oucru.org\/vi\/ctu\/","og_locale":"vi_VN","og_type":"article","og_title":"Nghi\u00ean c\u1ee9u l\u00e2m s\u00e0ng - OUCRU","og_description":"\u0110\u01a1n v\u1ecb Th\u1eed nghi\u1ec7m L\u00e2m s\u00e0ng ch\u1ecbu tr\u00e1ch nhi\u1ec7m qu\u1ea3n l\u00fd v\u00e0 v\u1eadn h\u00e0nh t\u1ea5t c\u1ea3 c\u00e1c th\u1eed nghi\u1ec7m l\u00e2m s\u00e0ng c\u1ee7a OUCRU \u0111\u1ec3 cung c\u1ea5p nghi\u00ean c\u1ee9u l\u00e2m s\u00e0ng ch\u1ea5t l\u01b0\u1ee3ng cao.","og_url":"https:\/\/www.oucru.org\/vi\/ctu\/","og_site_name":"OUCRU","article_publisher":"https:\/\/www.facebook.com\/OUCRUVN\/","article_modified_time":"2023-12-29T04:10:15+00:00","og_image":[{"width":600,"height":600,"url":"https:\/\/www.oucru.org\/wp-content\/uploads\/2022\/11\/img-fallback.jpg","type":"image\/jpeg"}],"twitter_card":"summary_large_image","twitter_site":"@OUCRU_Programme","schema":{"@context":"https:\/\/schema.org","@graph":[{"@type":"WebPage","@id":"https:\/\/www.oucru.org\/vi\/ctu\/","url":"https:\/\/www.oucru.org\/vi\/ctu\/","name":"Nghi\u00ean c\u1ee9u l\u00e2m s\u00e0ng - OUCRU","isPartOf":{"@id":"https:\/\/www.oucru.org\/vi\/#website"},"datePublished":"2022-12-19T07:25:27+00:00","dateModified":"2023-12-29T04:10:15+00:00","description":"\u0110\u01a1n v\u1ecb Th\u1eed nghi\u1ec7m L\u00e2m s\u00e0ng ch\u1ecbu tr\u00e1ch nhi\u1ec7m qu\u1ea3n l\u00fd v\u00e0 v\u1eadn h\u00e0nh t\u1ea5t c\u1ea3 c\u00e1c th\u1eed nghi\u1ec7m l\u00e2m s\u00e0ng c\u1ee7a OUCRU \u0111\u1ec3 cung c\u1ea5p nghi\u00ean c\u1ee9u l\u00e2m s\u00e0ng ch\u1ea5t l\u01b0\u1ee3ng cao.","breadcrumb":{"@id":"https:\/\/www.oucru.org\/vi\/ctu\/#breadcrumb"},"inLanguage":"vi-VN","potentialAction":[{"@type":"ReadAction","target":["https:\/\/www.oucru.org\/vi\/ctu\/"]}]},{"@type":"BreadcrumbList","@id":"https:\/\/www.oucru.org\/vi\/ctu\/#breadcrumb","itemListElement":[{"@type":"ListItem","position":1,"name":"Home","item":"https:\/\/www.oucru.org\/vi\/"},{"@type":"ListItem","position":2,"name":"Nghi\u00ean c\u1ee9u l\u00e2m s\u00e0ng"}]},{"@type":"WebSite","@id":"https:\/\/www.oucru.org\/vi\/#website","url":"https:\/\/www.oucru.org\/vi\/","name":"OUCRU","description":"The Oxford University Clinical Research Unit (OUCRU) is a large-scale clinical and public health research unit with site offices in Viet Nam, Indonesia, and Nepal.","publisher":{"@id":"https:\/\/www.oucru.org\/vi\/#organization"},"alternateName":"Oxford University Clinical Research Unit (OUCRU)","potentialAction":[{"@type":"SearchAction","target":{"@type":"EntryPoint","urlTemplate":"https:\/\/www.oucru.org\/vi\/?s={search_term_string}"},"query-input":{"@type":"PropertyValueSpecification","valueRequired":true,"valueName":"search_term_string"}}],"inLanguage":"vi-VN"},{"@type":"Organization","@id":"https:\/\/www.oucru.org\/vi\/#organization","name":"Oxford University Clinical Research Unit.","alternateName":"OUCRU","url":"https:\/\/www.oucru.org\/vi\/","logo":{"@type":"ImageObject","inLanguage":"vi-VN","@id":"https:\/\/www.oucru.org\/vi\/#\/schema\/logo\/image\/","url":"https:\/\/www.oucru.org\/wp-content\/uploads\/2023\/02\/cropped-cropped-oucru-logo.png","contentUrl":"https:\/\/www.oucru.org\/wp-content\/uploads\/2023\/02\/cropped-cropped-oucru-logo.png","width":512,"height":333,"caption":"Oxford University Clinical Research Unit."},"image":{"@id":"https:\/\/www.oucru.org\/vi\/#\/schema\/logo\/image\/"},"sameAs":["https:\/\/www.facebook.com\/OUCRUVN\/","https:\/\/x.com\/OUCRU_Programme","https:\/\/www.linkedin.com\/company\/oucru\/","https:\/\/www.youtube.com\/@oxforduniversityclinicalre6618"]}]}},"_links":{"self":[{"href":"https:\/\/www.oucru.org\/vi\/wp-json\/wp\/v2\/pages\/20175","targetHints":{"allow":["GET"]}}],"collection":[{"href":"https:\/\/www.oucru.org\/vi\/wp-json\/wp\/v2\/pages"}],"about":[{"href":"https:\/\/www.oucru.org\/vi\/wp-json\/wp\/v2\/types\/page"}],"author":[{"embeddable":true,"href":"https:\/\/www.oucru.org\/vi\/wp-json\/wp\/v2\/users\/1"}],"replies":[{"embeddable":true,"href":"https:\/\/www.oucru.org\/vi\/wp-json\/wp\/v2\/comments?post=20175"}],"version-history":[{"count":1,"href":"https:\/\/www.oucru.org\/vi\/wp-json\/wp\/v2\/pages\/20175\/revisions"}],"predecessor-version":[{"id":35419,"href":"https:\/\/www.oucru.org\/vi\/wp-json\/wp\/v2\/pages\/20175\/revisions\/35419"}],"wp:attachment":[{"href":"https:\/\/www.oucru.org\/vi\/wp-json\/wp\/v2\/media?parent=20175"}],"curies":[{"name":"wp","href":"https:\/\/api.w.org\/{rel}","templated":true}]}}