{"id":20183,"date":"2023-01-06T10:31:28","date_gmt":"2023-01-06T03:31:28","guid":{"rendered":"https:\/\/www.oucru.vn\/thuc-tap\/"},"modified":"2023-05-26T12:58:55","modified_gmt":"2023-05-26T05:58:55","slug":"thuc-tap","status":"publish","type":"page","link":"https:\/\/www.oucru.org\/vi\/thuc-tap\/","title":{"rendered":"Th\u1ef1c t\u1eadp"},"content":{"rendered":"","protected":false},"excerpt":{"rendered":"","protected":false},"author":1,"featured_media":15786,"parent":0,"menu_order":0,"comment_status":"closed","ping_status":"closed","template":"","meta":{"_acf_changed":false,"footnotes":"","_links_to":"","_links_to_target":"","_wp_rev_ctl_limit":""},"class_list":["post-20183","page","type-page","status-publish","has-post-thumbnail","hentry"],"acf":[],"yoast_head":"<!-- This site is optimized with the Yoast SEO plugin v25.3.1 - https:\/\/yoast.com\/wordpress\/plugins\/seo\/ -->\n<title>Th\u1ef1c t\u1eadp - OUCRU<\/title>\n<meta name=\"description\" content=\"OUCRU mang \u0111\u1ebfn cho sinh vi\u00ean y khoa qu\u1ed1c t\u1ebf c\u01a1 h\u1ed9i tr\u1ef1c ti\u1ebfp tr\u1ea3i nghi\u1ec7m th\u1ef1c h\u00e0nh v\u00e0 nghi\u00ean c\u1ee9u y h\u1ecdc nhi\u1ec7t \u0111\u1edbi.\" \/>\n<meta name=\"robots\" content=\"index, follow, max-snippet:-1, max-image-preview:large, max-video-preview:-1\" \/>\n<link rel=\"canonical\" href=\"https:\/\/www.oucru.org\/vi\/thuc-tap\/\" \/>\n<meta property=\"og:locale\" content=\"vi_VN\" \/>\n<meta property=\"og:type\" content=\"article\" \/>\n<meta property=\"og:title\" content=\"Th\u1ef1c t\u1eadp - OUCRU\" \/>\n<meta property=\"og:description\" content=\"OUCRU mang \u0111\u1ebfn cho sinh vi\u00ean y khoa qu\u1ed1c t\u1ebf c\u01a1 h\u1ed9i tr\u1ef1c ti\u1ebfp tr\u1ea3i nghi\u1ec7m th\u1ef1c h\u00e0nh v\u00e0 nghi\u00ean c\u1ee9u y h\u1ecdc nhi\u1ec7t \u0111\u1edbi.\" \/>\n<meta property=\"og:url\" content=\"https:\/\/www.oucru.org\/vi\/thuc-tap\/\" \/>\n<meta property=\"og:site_name\" content=\"OUCRU\" \/>\n<meta property=\"article:publisher\" content=\"https:\/\/www.facebook.com\/OUCRUVN\/\" \/>\n<meta property=\"article:modified_time\" content=\"2023-05-26T05:58:55+00:00\" \/>\n<meta property=\"og:image\" content=\"https:\/\/www.oucru.org\/wp-content\/uploads\/2022\/12\/2019_Dengue_Pearl-Gans-Lancet-Dengue-Photos-Project_8185.jpg\" \/>\n\t<meta property=\"og:image:width\" content=\"2000\" \/>\n\t<meta property=\"og:image:height\" content=\"1333\" \/>\n\t<meta property=\"og:image:type\" content=\"image\/jpeg\" \/>\n<meta name=\"twitter:card\" content=\"summary_large_image\" \/>\n<meta name=\"twitter:site\" content=\"@OUCRU_Programme\" \/>\n<script type=\"application\/ld+json\" class=\"yoast-schema-graph\">{\"@context\":\"https:\/\/schema.org\",\"@graph\":[{\"@type\":\"WebPage\",\"@id\":\"https:\/\/www.oucru.org\/vi\/thuc-tap\/\",\"url\":\"https:\/\/www.oucru.org\/vi\/thuc-tap\/\",\"name\":\"Th\u1ef1c t\u1eadp - OUCRU\",\"isPartOf\":{\"@id\":\"https:\/\/www.oucru.org\/vi\/#website\"},\"primaryImageOfPage\":{\"@id\":\"https:\/\/www.oucru.org\/vi\/thuc-tap\/#primaryimage\"},\"image\":{\"@id\":\"https:\/\/www.oucru.org\/vi\/thuc-tap\/#primaryimage\"},\"thumbnailUrl\":\"https:\/\/www.oucru.org\/wp-content\/uploads\/2022\/12\/2019_Dengue_Pearl-Gans-Lancet-Dengue-Photos-Project_8185.jpg\",\"datePublished\":\"2023-01-06T03:31:28+00:00\",\"dateModified\":\"2023-05-26T05:58:55+00:00\",\"description\":\"OUCRU mang \u0111\u1ebfn cho sinh vi\u00ean y khoa qu\u1ed1c t\u1ebf c\u01a1 h\u1ed9i tr\u1ef1c ti\u1ebfp tr\u1ea3i nghi\u1ec7m th\u1ef1c h\u00e0nh v\u00e0 nghi\u00ean c\u1ee9u y h\u1ecdc nhi\u1ec7t \u0111\u1edbi.\",\"breadcrumb\":{\"@id\":\"https:\/\/www.oucru.org\/vi\/thuc-tap\/#breadcrumb\"},\"inLanguage\":\"vi-VN\",\"potentialAction\":[{\"@type\":\"ReadAction\",\"target\":[\"https:\/\/www.oucru.org\/vi\/thuc-tap\/\"]}]},{\"@type\":\"ImageObject\",\"inLanguage\":\"vi-VN\",\"@id\":\"https:\/\/www.oucru.org\/vi\/thuc-tap\/#primaryimage\",\"url\":\"https:\/\/www.oucru.org\/wp-content\/uploads\/2022\/12\/2019_Dengue_Pearl-Gans-Lancet-Dengue-Photos-Project_8185.jpg\",\"contentUrl\":\"https:\/\/www.oucru.org\/wp-content\/uploads\/2022\/12\/2019_Dengue_Pearl-Gans-Lancet-Dengue-Photos-Project_8185.jpg\",\"width\":2000,\"height\":1333,\"caption\":\"Pearl Gan's Lancet Dengue Photos Project in 2019\"},{\"@type\":\"BreadcrumbList\",\"@id\":\"https:\/\/www.oucru.org\/vi\/thuc-tap\/#breadcrumb\",\"itemListElement\":[{\"@type\":\"ListItem\",\"position\":1,\"name\":\"Home\",\"item\":\"https:\/\/www.oucru.org\/vi\/\"},{\"@type\":\"ListItem\",\"position\":2,\"name\":\"Th\u1ef1c t\u1eadp\"}]},{\"@type\":\"WebSite\",\"@id\":\"https:\/\/www.oucru.org\/vi\/#website\",\"url\":\"https:\/\/www.oucru.org\/vi\/\",\"name\":\"OUCRU\",\"description\":\"The Oxford University Clinical Research Unit (OUCRU) is a large-scale clinical and public health research unit with site offices in Viet Nam, Indonesia, and Nepal.\",\"publisher\":{\"@id\":\"https:\/\/www.oucru.org\/vi\/#organization\"},\"alternateName\":\"Oxford University Clinical Research Unit (OUCRU)\",\"potentialAction\":[{\"@type\":\"SearchAction\",\"target\":{\"@type\":\"EntryPoint\",\"urlTemplate\":\"https:\/\/www.oucru.org\/vi\/?s={search_term_string}\"},\"query-input\":{\"@type\":\"PropertyValueSpecification\",\"valueRequired\":true,\"valueName\":\"search_term_string\"}}],\"inLanguage\":\"vi-VN\"},{\"@type\":\"Organization\",\"@id\":\"https:\/\/www.oucru.org\/vi\/#organization\",\"name\":\"Oxford University Clinical Research Unit.\",\"alternateName\":\"OUCRU\",\"url\":\"https:\/\/www.oucru.org\/vi\/\",\"logo\":{\"@type\":\"ImageObject\",\"inLanguage\":\"vi-VN\",\"@id\":\"https:\/\/www.oucru.org\/vi\/#\/schema\/logo\/image\/\",\"url\":\"https:\/\/www.oucru.org\/wp-content\/uploads\/2023\/02\/cropped-cropped-oucru-logo.png\",\"contentUrl\":\"https:\/\/www.oucru.org\/wp-content\/uploads\/2023\/02\/cropped-cropped-oucru-logo.png\",\"width\":512,\"height\":333,\"caption\":\"Oxford University Clinical Research Unit.\"},\"image\":{\"@id\":\"https:\/\/www.oucru.org\/vi\/#\/schema\/logo\/image\/\"},\"sameAs\":[\"https:\/\/www.facebook.com\/OUCRUVN\/\",\"https:\/\/x.com\/OUCRU_Programme\",\"https:\/\/www.linkedin.com\/company\/oucru\/\",\"https:\/\/www.youtube.com\/@oxforduniversityclinicalre6618\"]}]}<\/script>\n<!-- \/ Yoast SEO plugin. -->","yoast_head_json":{"title":"Th\u1ef1c t\u1eadp - OUCRU","description":"OUCRU mang \u0111\u1ebfn cho sinh vi\u00ean y khoa qu\u1ed1c t\u1ebf c\u01a1 h\u1ed9i tr\u1ef1c ti\u1ebfp tr\u1ea3i nghi\u1ec7m th\u1ef1c h\u00e0nh v\u00e0 nghi\u00ean c\u1ee9u y h\u1ecdc nhi\u1ec7t \u0111\u1edbi.","robots":{"index":"index","follow":"follow","max-snippet":"max-snippet:-1","max-image-preview":"max-image-preview:large","max-video-preview":"max-video-preview:-1"},"canonical":"https:\/\/www.oucru.org\/vi\/thuc-tap\/","og_locale":"vi_VN","og_type":"article","og_title":"Th\u1ef1c t\u1eadp - OUCRU","og_description":"OUCRU mang \u0111\u1ebfn cho sinh vi\u00ean y khoa qu\u1ed1c t\u1ebf c\u01a1 h\u1ed9i tr\u1ef1c ti\u1ebfp tr\u1ea3i nghi\u1ec7m th\u1ef1c h\u00e0nh v\u00e0 nghi\u00ean c\u1ee9u y h\u1ecdc nhi\u1ec7t \u0111\u1edbi.","og_url":"https:\/\/www.oucru.org\/vi\/thuc-tap\/","og_site_name":"OUCRU","article_publisher":"https:\/\/www.facebook.com\/OUCRUVN\/","article_modified_time":"2023-05-26T05:58:55+00:00","og_image":[{"width":2000,"height":1333,"url":"https:\/\/www.oucru.org\/wp-content\/uploads\/2022\/12\/2019_Dengue_Pearl-Gans-Lancet-Dengue-Photos-Project_8185.jpg","type":"image\/jpeg"}],"twitter_card":"summary_large_image","twitter_site":"@OUCRU_Programme","schema":{"@context":"https:\/\/schema.org","@graph":[{"@type":"WebPage","@id":"https:\/\/www.oucru.org\/vi\/thuc-tap\/","url":"https:\/\/www.oucru.org\/vi\/thuc-tap\/","name":"Th\u1ef1c t\u1eadp - OUCRU","isPartOf":{"@id":"https:\/\/www.oucru.org\/vi\/#website"},"primaryImageOfPage":{"@id":"https:\/\/www.oucru.org\/vi\/thuc-tap\/#primaryimage"},"image":{"@id":"https:\/\/www.oucru.org\/vi\/thuc-tap\/#primaryimage"},"thumbnailUrl":"https:\/\/www.oucru.org\/wp-content\/uploads\/2022\/12\/2019_Dengue_Pearl-Gans-Lancet-Dengue-Photos-Project_8185.jpg","datePublished":"2023-01-06T03:31:28+00:00","dateModified":"2023-05-26T05:58:55+00:00","description":"OUCRU mang \u0111\u1ebfn cho sinh vi\u00ean y khoa qu\u1ed1c t\u1ebf c\u01a1 h\u1ed9i tr\u1ef1c ti\u1ebfp tr\u1ea3i nghi\u1ec7m th\u1ef1c h\u00e0nh v\u00e0 nghi\u00ean c\u1ee9u y h\u1ecdc nhi\u1ec7t \u0111\u1edbi.","breadcrumb":{"@id":"https:\/\/www.oucru.org\/vi\/thuc-tap\/#breadcrumb"},"inLanguage":"vi-VN","potentialAction":[{"@type":"ReadAction","target":["https:\/\/www.oucru.org\/vi\/thuc-tap\/"]}]},{"@type":"ImageObject","inLanguage":"vi-VN","@id":"https:\/\/www.oucru.org\/vi\/thuc-tap\/#primaryimage","url":"https:\/\/www.oucru.org\/wp-content\/uploads\/2022\/12\/2019_Dengue_Pearl-Gans-Lancet-Dengue-Photos-Project_8185.jpg","contentUrl":"https:\/\/www.oucru.org\/wp-content\/uploads\/2022\/12\/2019_Dengue_Pearl-Gans-Lancet-Dengue-Photos-Project_8185.jpg","width":2000,"height":1333,"caption":"Pearl Gan's Lancet Dengue Photos Project in 2019"},{"@type":"BreadcrumbList","@id":"https:\/\/www.oucru.org\/vi\/thuc-tap\/#breadcrumb","itemListElement":[{"@type":"ListItem","position":1,"name":"Home","item":"https:\/\/www.oucru.org\/vi\/"},{"@type":"ListItem","position":2,"name":"Th\u1ef1c t\u1eadp"}]},{"@type":"WebSite","@id":"https:\/\/www.oucru.org\/vi\/#website","url":"https:\/\/www.oucru.org\/vi\/","name":"OUCRU","description":"The Oxford University Clinical Research Unit (OUCRU) is a large-scale clinical and public health research unit with site offices in Viet Nam, Indonesia, and Nepal.","publisher":{"@id":"https:\/\/www.oucru.org\/vi\/#organization"},"alternateName":"Oxford University Clinical Research Unit (OUCRU)","potentialAction":[{"@type":"SearchAction","target":{"@type":"EntryPoint","urlTemplate":"https:\/\/www.oucru.org\/vi\/?s={search_term_string}"},"query-input":{"@type":"PropertyValueSpecification","valueRequired":true,"valueName":"search_term_string"}}],"inLanguage":"vi-VN"},{"@type":"Organization","@id":"https:\/\/www.oucru.org\/vi\/#organization","name":"Oxford University Clinical Research Unit.","alternateName":"OUCRU","url":"https:\/\/www.oucru.org\/vi\/","logo":{"@type":"ImageObject","inLanguage":"vi-VN","@id":"https:\/\/www.oucru.org\/vi\/#\/schema\/logo\/image\/","url":"https:\/\/www.oucru.org\/wp-content\/uploads\/2023\/02\/cropped-cropped-oucru-logo.png","contentUrl":"https:\/\/www.oucru.org\/wp-content\/uploads\/2023\/02\/cropped-cropped-oucru-logo.png","width":512,"height":333,"caption":"Oxford University Clinical Research Unit."},"image":{"@id":"https:\/\/www.oucru.org\/vi\/#\/schema\/logo\/image\/"},"sameAs":["https:\/\/www.facebook.com\/OUCRUVN\/","https:\/\/x.com\/OUCRU_Programme","https:\/\/www.linkedin.com\/company\/oucru\/","https:\/\/www.youtube.com\/@oxforduniversityclinicalre6618"]}]}},"_links":{"self":[{"href":"https:\/\/www.oucru.org\/vi\/wp-json\/wp\/v2\/pages\/20183","targetHints":{"allow":["GET"]}}],"collection":[{"href":"https:\/\/www.oucru.org\/vi\/wp-json\/wp\/v2\/pages"}],"about":[{"href":"https:\/\/www.oucru.org\/vi\/wp-json\/wp\/v2\/types\/page"}],"author":[{"embeddable":true,"href":"https:\/\/www.oucru.org\/vi\/wp-json\/wp\/v2\/users\/1"}],"replies":[{"embeddable":true,"href":"https:\/\/www.oucru.org\/vi\/wp-json\/wp\/v2\/comments?post=20183"}],"version-history":[{"count":1,"href":"https:\/\/www.oucru.org\/vi\/wp-json\/wp\/v2\/pages\/20183\/revisions"}],"predecessor-version":[{"id":29368,"href":"https:\/\/www.oucru.org\/vi\/wp-json\/wp\/v2\/pages\/20183\/revisions\/29368"}],"wp:featuredmedia":[{"embeddable":true,"href":"https:\/\/www.oucru.org\/vi\/wp-json\/wp\/v2\/media\/15786"}],"wp:attachment":[{"href":"https:\/\/www.oucru.org\/vi\/wp-json\/wp\/v2\/media?parent=20183"}],"curies":[{"name":"wp","href":"https:\/\/api.w.org\/{rel}","templated":true}]}}