{"id":37671,"date":"2023-11-23T10:51:57","date_gmt":"2023-11-23T03:51:57","guid":{"rendered":"https:\/\/www.oucru.org\/ket-noi-chinh-sach\/"},"modified":"2024-03-11T13:44:42","modified_gmt":"2024-03-11T06:44:42","slug":"ket-noi-chinh-sach","status":"publish","type":"page","link":"https:\/\/www.oucru.org\/vi\/ket-noi\/ket-noi-chinh-sach\/","title":{"rendered":"K\u1ebft N\u1ed1i Ch\u00ednh S\u00e1ch"},"content":{"rendered":"","protected":false},"excerpt":{"rendered":"","protected":false},"author":32,"featured_media":0,"parent":37669,"menu_order":0,"comment_status":"closed","ping_status":"closed","template":"","meta":{"_acf_changed":false,"footnotes":"","_links_to":"","_links_to_target":"","_wp_rev_ctl_limit":""},"class_list":["post-37671","page","type-page","status-publish","hentry"],"acf":[],"yoast_head":"<!-- This site is optimized with the Yoast SEO plugin v25.3.1 - https:\/\/yoast.com\/wordpress\/plugins\/seo\/ -->\n<title>K\u1ebft N\u1ed1i Ch\u00ednh S\u00e1ch - OUCRU<\/title>\n<meta name=\"description\" content=\"T\u1ea1i OUCRU, k\u1ebft n\u1ed1i ch\u00ednh s\u00e1ch v\u00e0 k\u1ebft n\u1ed1i khoa h\u1ecdc v\u1edbi c\u00f4ng ch\u00fang l\u00e0 \u01b0u ti\u00ean ch\u00ednh trong vi\u1ec7c th\u00fac \u0111\u1ea9y h\u1ee3p t\u00e1c gi\u1eefa c\u00e1c nh\u00e0 nghi\u00ean c\u1ee9u, c\u00e1c b\u00ean li\u00ean quan v\u1ec1 ch\u00ednh s\u00e1ch v\u00e0 c\u00f4ng ch\u00fang. Nh\u1eefng n\u1ed7 l\u1ef1c n\u00e0y nh\u1eb1m \u0111\u1ea3m b\u1ea3o c\u00e1c nghi\u00ean c\u1ee9u khoa h\u1ecdc c\u1ee7a OUCRU t\u1ea1o t\u00e1c \u0111\u1ed9ng v\u1ec1 m\u1eb7t ch\u00ednh s\u00e1ch v\u00e0 \u0111\u01b0\u1ee3c truy\u1ec1n th\u00f4ng hi\u1ec7u qu\u1ea3 t\u1edbi c\u1ed9ng \u0111\u1ed3ng trong x\u00e3 h\u1ed9i.\" \/>\n<meta name=\"robots\" content=\"index, follow, max-snippet:-1, max-image-preview:large, max-video-preview:-1\" \/>\n<link rel=\"canonical\" href=\"https:\/\/www.oucru.org\/vi\/ket-noi\/ket-noi-chinh-sach\/\" \/>\n<meta property=\"og:locale\" content=\"vi_VN\" \/>\n<meta property=\"og:type\" content=\"article\" \/>\n<meta property=\"og:title\" content=\"K\u1ebft N\u1ed1i Ch\u00ednh S\u00e1ch - OUCRU\" \/>\n<meta property=\"og:description\" content=\"T\u1ea1i OUCRU, k\u1ebft n\u1ed1i ch\u00ednh s\u00e1ch v\u00e0 k\u1ebft n\u1ed1i khoa h\u1ecdc v\u1edbi c\u00f4ng ch\u00fang l\u00e0 \u01b0u ti\u00ean ch\u00ednh trong vi\u1ec7c th\u00fac \u0111\u1ea9y h\u1ee3p t\u00e1c gi\u1eefa c\u00e1c nh\u00e0 nghi\u00ean c\u1ee9u, c\u00e1c b\u00ean li\u00ean quan v\u1ec1 ch\u00ednh s\u00e1ch v\u00e0 c\u00f4ng ch\u00fang. Nh\u1eefng n\u1ed7 l\u1ef1c n\u00e0y nh\u1eb1m \u0111\u1ea3m b\u1ea3o c\u00e1c nghi\u00ean c\u1ee9u khoa h\u1ecdc c\u1ee7a OUCRU t\u1ea1o t\u00e1c \u0111\u1ed9ng v\u1ec1 m\u1eb7t ch\u00ednh s\u00e1ch v\u00e0 \u0111\u01b0\u1ee3c truy\u1ec1n th\u00f4ng hi\u1ec7u qu\u1ea3 t\u1edbi c\u1ed9ng \u0111\u1ed3ng trong x\u00e3 h\u1ed9i.\" \/>\n<meta property=\"og:url\" content=\"https:\/\/www.oucru.org\/vi\/ket-noi\/ket-noi-chinh-sach\/\" \/>\n<meta property=\"og:site_name\" content=\"OUCRU\" \/>\n<meta property=\"article:publisher\" content=\"https:\/\/www.facebook.com\/OUCRUVN\/\" \/>\n<meta property=\"article:modified_time\" content=\"2024-03-11T06:44:42+00:00\" \/>\n<meta property=\"og:image\" content=\"https:\/\/www.oucru.org\/wp-content\/uploads\/2022\/11\/img-fallback.jpg\" \/>\n\t<meta property=\"og:image:width\" content=\"600\" \/>\n\t<meta property=\"og:image:height\" content=\"600\" \/>\n\t<meta property=\"og:image:type\" content=\"image\/jpeg\" \/>\n<meta name=\"twitter:card\" content=\"summary_large_image\" \/>\n<meta name=\"twitter:site\" content=\"@OUCRU_Programme\" \/>\n<script type=\"application\/ld+json\" class=\"yoast-schema-graph\">{\"@context\":\"https:\/\/schema.org\",\"@graph\":[{\"@type\":\"WebPage\",\"@id\":\"https:\/\/www.oucru.org\/vi\/ket-noi\/ket-noi-chinh-sach\/\",\"url\":\"https:\/\/www.oucru.org\/vi\/ket-noi\/ket-noi-chinh-sach\/\",\"name\":\"K\u1ebft N\u1ed1i Ch\u00ednh S\u00e1ch - OUCRU\",\"isPartOf\":{\"@id\":\"https:\/\/www.oucru.org\/vi\/#website\"},\"datePublished\":\"2023-11-23T03:51:57+00:00\",\"dateModified\":\"2024-03-11T06:44:42+00:00\",\"description\":\"T\u1ea1i OUCRU, k\u1ebft n\u1ed1i ch\u00ednh s\u00e1ch v\u00e0 k\u1ebft n\u1ed1i khoa h\u1ecdc v\u1edbi c\u00f4ng ch\u00fang l\u00e0 \u01b0u ti\u00ean ch\u00ednh trong vi\u1ec7c th\u00fac \u0111\u1ea9y h\u1ee3p t\u00e1c gi\u1eefa c\u00e1c nh\u00e0 nghi\u00ean c\u1ee9u, c\u00e1c b\u00ean li\u00ean quan v\u1ec1 ch\u00ednh s\u00e1ch v\u00e0 c\u00f4ng ch\u00fang. Nh\u1eefng n\u1ed7 l\u1ef1c n\u00e0y nh\u1eb1m \u0111\u1ea3m b\u1ea3o c\u00e1c nghi\u00ean c\u1ee9u khoa h\u1ecdc c\u1ee7a OUCRU t\u1ea1o t\u00e1c \u0111\u1ed9ng v\u1ec1 m\u1eb7t ch\u00ednh s\u00e1ch v\u00e0 \u0111\u01b0\u1ee3c truy\u1ec1n th\u00f4ng hi\u1ec7u qu\u1ea3 t\u1edbi c\u1ed9ng \u0111\u1ed3ng trong x\u00e3 h\u1ed9i.\",\"breadcrumb\":{\"@id\":\"https:\/\/www.oucru.org\/vi\/ket-noi\/ket-noi-chinh-sach\/#breadcrumb\"},\"inLanguage\":\"vi-VN\",\"potentialAction\":[{\"@type\":\"ReadAction\",\"target\":[\"https:\/\/www.oucru.org\/vi\/ket-noi\/ket-noi-chinh-sach\/\"]}]},{\"@type\":\"BreadcrumbList\",\"@id\":\"https:\/\/www.oucru.org\/vi\/ket-noi\/ket-noi-chinh-sach\/#breadcrumb\",\"itemListElement\":[{\"@type\":\"ListItem\",\"position\":1,\"name\":\"Home\",\"item\":\"https:\/\/www.oucru.org\/vi\/\"},{\"@type\":\"ListItem\",\"position\":2,\"name\":\"K\u1ebft N\u1ed1i Ch\u00ednh S\u00e1ch v\u00e0 C\u00f4ng Ch\u00fang\",\"item\":\"https:\/\/www.oucru.org\/vi\/ket-noi\/\"},{\"@type\":\"ListItem\",\"position\":3,\"name\":\"K\u1ebft N\u1ed1i Ch\u00ednh S\u00e1ch\"}]},{\"@type\":\"WebSite\",\"@id\":\"https:\/\/www.oucru.org\/vi\/#website\",\"url\":\"https:\/\/www.oucru.org\/vi\/\",\"name\":\"OUCRU\",\"description\":\"The Oxford University Clinical Research Unit (OUCRU) is a large-scale clinical and public health research unit with site offices in Viet Nam, Indonesia, and Nepal.\",\"publisher\":{\"@id\":\"https:\/\/www.oucru.org\/vi\/#organization\"},\"alternateName\":\"Oxford University Clinical Research Unit (OUCRU)\",\"potentialAction\":[{\"@type\":\"SearchAction\",\"target\":{\"@type\":\"EntryPoint\",\"urlTemplate\":\"https:\/\/www.oucru.org\/vi\/?s={search_term_string}\"},\"query-input\":{\"@type\":\"PropertyValueSpecification\",\"valueRequired\":true,\"valueName\":\"search_term_string\"}}],\"inLanguage\":\"vi-VN\"},{\"@type\":\"Organization\",\"@id\":\"https:\/\/www.oucru.org\/vi\/#organization\",\"name\":\"Oxford University Clinical Research Unit.\",\"alternateName\":\"OUCRU\",\"url\":\"https:\/\/www.oucru.org\/vi\/\",\"logo\":{\"@type\":\"ImageObject\",\"inLanguage\":\"vi-VN\",\"@id\":\"https:\/\/www.oucru.org\/vi\/#\/schema\/logo\/image\/\",\"url\":\"https:\/\/www.oucru.org\/wp-content\/uploads\/2023\/02\/cropped-cropped-oucru-logo.png\",\"contentUrl\":\"https:\/\/www.oucru.org\/wp-content\/uploads\/2023\/02\/cropped-cropped-oucru-logo.png\",\"width\":512,\"height\":333,\"caption\":\"Oxford University Clinical Research Unit.\"},\"image\":{\"@id\":\"https:\/\/www.oucru.org\/vi\/#\/schema\/logo\/image\/\"},\"sameAs\":[\"https:\/\/www.facebook.com\/OUCRUVN\/\",\"https:\/\/x.com\/OUCRU_Programme\",\"https:\/\/www.linkedin.com\/company\/oucru\/\",\"https:\/\/www.youtube.com\/@oxforduniversityclinicalre6618\"]}]}<\/script>\n<!-- \/ Yoast SEO plugin. -->","yoast_head_json":{"title":"K\u1ebft N\u1ed1i Ch\u00ednh S\u00e1ch - OUCRU","description":"T\u1ea1i OUCRU, k\u1ebft n\u1ed1i ch\u00ednh s\u00e1ch v\u00e0 k\u1ebft n\u1ed1i khoa h\u1ecdc v\u1edbi c\u00f4ng ch\u00fang l\u00e0 \u01b0u ti\u00ean ch\u00ednh trong vi\u1ec7c th\u00fac \u0111\u1ea9y h\u1ee3p t\u00e1c gi\u1eefa c\u00e1c nh\u00e0 nghi\u00ean c\u1ee9u, c\u00e1c b\u00ean li\u00ean quan v\u1ec1 ch\u00ednh s\u00e1ch v\u00e0 c\u00f4ng ch\u00fang. Nh\u1eefng n\u1ed7 l\u1ef1c n\u00e0y nh\u1eb1m \u0111\u1ea3m b\u1ea3o c\u00e1c nghi\u00ean c\u1ee9u khoa h\u1ecdc c\u1ee7a OUCRU t\u1ea1o t\u00e1c \u0111\u1ed9ng v\u1ec1 m\u1eb7t ch\u00ednh s\u00e1ch v\u00e0 \u0111\u01b0\u1ee3c truy\u1ec1n th\u00f4ng hi\u1ec7u qu\u1ea3 t\u1edbi c\u1ed9ng \u0111\u1ed3ng trong x\u00e3 h\u1ed9i.","robots":{"index":"index","follow":"follow","max-snippet":"max-snippet:-1","max-image-preview":"max-image-preview:large","max-video-preview":"max-video-preview:-1"},"canonical":"https:\/\/www.oucru.org\/vi\/ket-noi\/ket-noi-chinh-sach\/","og_locale":"vi_VN","og_type":"article","og_title":"K\u1ebft N\u1ed1i Ch\u00ednh S\u00e1ch - OUCRU","og_description":"T\u1ea1i OUCRU, k\u1ebft n\u1ed1i ch\u00ednh s\u00e1ch v\u00e0 k\u1ebft n\u1ed1i khoa h\u1ecdc v\u1edbi c\u00f4ng ch\u00fang l\u00e0 \u01b0u ti\u00ean ch\u00ednh trong vi\u1ec7c th\u00fac \u0111\u1ea9y h\u1ee3p t\u00e1c gi\u1eefa c\u00e1c nh\u00e0 nghi\u00ean c\u1ee9u, c\u00e1c b\u00ean li\u00ean quan v\u1ec1 ch\u00ednh s\u00e1ch v\u00e0 c\u00f4ng ch\u00fang. Nh\u1eefng n\u1ed7 l\u1ef1c n\u00e0y nh\u1eb1m \u0111\u1ea3m b\u1ea3o c\u00e1c nghi\u00ean c\u1ee9u khoa h\u1ecdc c\u1ee7a OUCRU t\u1ea1o t\u00e1c \u0111\u1ed9ng v\u1ec1 m\u1eb7t ch\u00ednh s\u00e1ch v\u00e0 \u0111\u01b0\u1ee3c truy\u1ec1n th\u00f4ng hi\u1ec7u qu\u1ea3 t\u1edbi c\u1ed9ng \u0111\u1ed3ng trong x\u00e3 h\u1ed9i.","og_url":"https:\/\/www.oucru.org\/vi\/ket-noi\/ket-noi-chinh-sach\/","og_site_name":"OUCRU","article_publisher":"https:\/\/www.facebook.com\/OUCRUVN\/","article_modified_time":"2024-03-11T06:44:42+00:00","og_image":[{"width":600,"height":600,"url":"https:\/\/www.oucru.org\/wp-content\/uploads\/2022\/11\/img-fallback.jpg","type":"image\/jpeg"}],"twitter_card":"summary_large_image","twitter_site":"@OUCRU_Programme","schema":{"@context":"https:\/\/schema.org","@graph":[{"@type":"WebPage","@id":"https:\/\/www.oucru.org\/vi\/ket-noi\/ket-noi-chinh-sach\/","url":"https:\/\/www.oucru.org\/vi\/ket-noi\/ket-noi-chinh-sach\/","name":"K\u1ebft N\u1ed1i Ch\u00ednh S\u00e1ch - OUCRU","isPartOf":{"@id":"https:\/\/www.oucru.org\/vi\/#website"},"datePublished":"2023-11-23T03:51:57+00:00","dateModified":"2024-03-11T06:44:42+00:00","description":"T\u1ea1i OUCRU, k\u1ebft n\u1ed1i ch\u00ednh s\u00e1ch v\u00e0 k\u1ebft n\u1ed1i khoa h\u1ecdc v\u1edbi c\u00f4ng ch\u00fang l\u00e0 \u01b0u ti\u00ean ch\u00ednh trong vi\u1ec7c th\u00fac \u0111\u1ea9y h\u1ee3p t\u00e1c gi\u1eefa c\u00e1c nh\u00e0 nghi\u00ean c\u1ee9u, c\u00e1c b\u00ean li\u00ean quan v\u1ec1 ch\u00ednh s\u00e1ch v\u00e0 c\u00f4ng ch\u00fang. Nh\u1eefng n\u1ed7 l\u1ef1c n\u00e0y nh\u1eb1m \u0111\u1ea3m b\u1ea3o c\u00e1c nghi\u00ean c\u1ee9u khoa h\u1ecdc c\u1ee7a OUCRU t\u1ea1o t\u00e1c \u0111\u1ed9ng v\u1ec1 m\u1eb7t ch\u00ednh s\u00e1ch v\u00e0 \u0111\u01b0\u1ee3c truy\u1ec1n th\u00f4ng hi\u1ec7u qu\u1ea3 t\u1edbi c\u1ed9ng \u0111\u1ed3ng trong x\u00e3 h\u1ed9i.","breadcrumb":{"@id":"https:\/\/www.oucru.org\/vi\/ket-noi\/ket-noi-chinh-sach\/#breadcrumb"},"inLanguage":"vi-VN","potentialAction":[{"@type":"ReadAction","target":["https:\/\/www.oucru.org\/vi\/ket-noi\/ket-noi-chinh-sach\/"]}]},{"@type":"BreadcrumbList","@id":"https:\/\/www.oucru.org\/vi\/ket-noi\/ket-noi-chinh-sach\/#breadcrumb","itemListElement":[{"@type":"ListItem","position":1,"name":"Home","item":"https:\/\/www.oucru.org\/vi\/"},{"@type":"ListItem","position":2,"name":"K\u1ebft N\u1ed1i Ch\u00ednh S\u00e1ch v\u00e0 C\u00f4ng Ch\u00fang","item":"https:\/\/www.oucru.org\/vi\/ket-noi\/"},{"@type":"ListItem","position":3,"name":"K\u1ebft N\u1ed1i Ch\u00ednh S\u00e1ch"}]},{"@type":"WebSite","@id":"https:\/\/www.oucru.org\/vi\/#website","url":"https:\/\/www.oucru.org\/vi\/","name":"OUCRU","description":"The Oxford University Clinical Research Unit (OUCRU) is a large-scale clinical and public health research unit with site offices in Viet Nam, Indonesia, and Nepal.","publisher":{"@id":"https:\/\/www.oucru.org\/vi\/#organization"},"alternateName":"Oxford University Clinical Research Unit (OUCRU)","potentialAction":[{"@type":"SearchAction","target":{"@type":"EntryPoint","urlTemplate":"https:\/\/www.oucru.org\/vi\/?s={search_term_string}"},"query-input":{"@type":"PropertyValueSpecification","valueRequired":true,"valueName":"search_term_string"}}],"inLanguage":"vi-VN"},{"@type":"Organization","@id":"https:\/\/www.oucru.org\/vi\/#organization","name":"Oxford University Clinical Research Unit.","alternateName":"OUCRU","url":"https:\/\/www.oucru.org\/vi\/","logo":{"@type":"ImageObject","inLanguage":"vi-VN","@id":"https:\/\/www.oucru.org\/vi\/#\/schema\/logo\/image\/","url":"https:\/\/www.oucru.org\/wp-content\/uploads\/2023\/02\/cropped-cropped-oucru-logo.png","contentUrl":"https:\/\/www.oucru.org\/wp-content\/uploads\/2023\/02\/cropped-cropped-oucru-logo.png","width":512,"height":333,"caption":"Oxford University Clinical Research Unit."},"image":{"@id":"https:\/\/www.oucru.org\/vi\/#\/schema\/logo\/image\/"},"sameAs":["https:\/\/www.facebook.com\/OUCRUVN\/","https:\/\/x.com\/OUCRU_Programme","https:\/\/www.linkedin.com\/company\/oucru\/","https:\/\/www.youtube.com\/@oxforduniversityclinicalre6618"]}]}},"_links":{"self":[{"href":"https:\/\/www.oucru.org\/vi\/wp-json\/wp\/v2\/pages\/37671","targetHints":{"allow":["GET"]}}],"collection":[{"href":"https:\/\/www.oucru.org\/vi\/wp-json\/wp\/v2\/pages"}],"about":[{"href":"https:\/\/www.oucru.org\/vi\/wp-json\/wp\/v2\/types\/page"}],"author":[{"embeddable":true,"href":"https:\/\/www.oucru.org\/vi\/wp-json\/wp\/v2\/users\/32"}],"replies":[{"embeddable":true,"href":"https:\/\/www.oucru.org\/vi\/wp-json\/wp\/v2\/comments?post=37671"}],"version-history":[{"count":1,"href":"https:\/\/www.oucru.org\/vi\/wp-json\/wp\/v2\/pages\/37671\/revisions"}],"predecessor-version":[{"id":37740,"href":"https:\/\/www.oucru.org\/vi\/wp-json\/wp\/v2\/pages\/37671\/revisions\/37740"}],"up":[{"embeddable":true,"href":"https:\/\/www.oucru.org\/vi\/wp-json\/wp\/v2\/pages\/37669"}],"wp:attachment":[{"href":"https:\/\/www.oucru.org\/vi\/wp-json\/wp\/v2\/media?parent=37671"}],"curies":[{"name":"wp","href":"https:\/\/api.w.org\/{rel}","templated":true}]}}